{"id":2,"date":"2021-02-03T13:13:41","date_gmt":"2021-02-03T13:13:41","guid":{"rendered":"http:\/\/www.wzdluzdrogi.pl\/?page_id=2"},"modified":"2021-03-02T17:29:14","modified_gmt":"2021-03-02T16:29:14","slug":"sample-page","status":"publish","type":"page","link":"https:\/\/www.wzdluzdrogi.pl\/","title":{"rendered":"Strona g\u0142\u00f3wna"},"content":{"rendered":"","protected":false},"excerpt":{"rendered":"","protected":false},"author":1,"featured_media":0,"parent":0,"menu_order":0,"comment_status":"closed","ping_status":"open","template":"","meta":{"_monsterinsights_skip_tracking":false,"_monsterinsights_sitenote_active":false,"_monsterinsights_sitenote_note":"","_monsterinsights_sitenote_category":0,"footnotes":""},"class_list":["post-2","page","type-page","status-publish","hentry"],"yoast_head":"<!-- This site is optimized with the Yoast SEO plugin v26.5 - https:\/\/yoast.com\/wordpress\/plugins\/seo\/ -->\n<title>Strona g\u0142\u00f3wna - Wzd\u0142u\u017c Drogi<\/title>\n<meta name=\"description\" content=\"Wzd\u0142u\u017c Drogi. Najlepszy blog o Danii, o tanich podr\u00f3\u017cach, fotografii i j\u0119zykach obcych. Poka\u017cemy ci, co zobaczy\u0107 w Danii i ja robi\u0107 pi\u0119kne zdj\u0119cia.\" \/>\n<meta name=\"robots\" content=\"index, follow, max-snippet:-1, max-image-preview:large, max-video-preview:-1\" \/>\n<link rel=\"canonical\" href=\"https:\/\/www.wzdluzdrogi.pl\/\" \/>\n<meta property=\"og:locale\" content=\"pl_PL\" \/>\n<meta property=\"og:type\" content=\"article\" \/>\n<meta property=\"og:title\" content=\"Strona g\u0142\u00f3wna - Wzd\u0142u\u017c Drogi\" \/>\n<meta property=\"og:description\" content=\"Wzd\u0142u\u017c Drogi. Najlepszy blog o Danii, o tanich podr\u00f3\u017cach, fotografii i j\u0119zykach obcych. Poka\u017cemy ci, co zobaczy\u0107 w Danii i ja robi\u0107 pi\u0119kne zdj\u0119cia.\" \/>\n<meta property=\"og:url\" content=\"https:\/\/www.wzdluzdrogi.pl\/\" \/>\n<meta property=\"og:site_name\" content=\"Wzd\u0142u\u017c Drogi\" \/>\n<meta property=\"article:modified_time\" content=\"2021-03-02T16:29:14+00:00\" \/>\n<meta name=\"twitter:card\" content=\"summary_large_image\" \/>\n<script type=\"application\/ld+json\" class=\"yoast-schema-graph\">{\"@context\":\"https:\/\/schema.org\",\"@graph\":[{\"@type\":\"WebPage\",\"@id\":\"https:\/\/www.wzdluzdrogi.pl\/\",\"url\":\"https:\/\/www.wzdluzdrogi.pl\/\",\"name\":\"Strona g\u0142\u00f3wna - Wzd\u0142u\u017c Drogi\",\"isPartOf\":{\"@id\":\"https:\/\/www.wzdluzdrogi.pl\/#website\"},\"datePublished\":\"2021-02-03T13:13:41+00:00\",\"dateModified\":\"2021-03-02T16:29:14+00:00\",\"description\":\"Wzd\u0142u\u017c Drogi. Najlepszy blog o Danii, o tanich podr\u00f3\u017cach, fotografii i j\u0119zykach obcych. Poka\u017cemy ci, co zobaczy\u0107 w Danii i ja robi\u0107 pi\u0119kne zdj\u0119cia.\",\"breadcrumb\":{\"@id\":\"https:\/\/www.wzdluzdrogi.pl\/#breadcrumb\"},\"inLanguage\":\"pl-PL\",\"potentialAction\":[{\"@type\":\"ReadAction\",\"target\":[\"https:\/\/www.wzdluzdrogi.pl\/\"]}]},{\"@type\":\"BreadcrumbList\",\"@id\":\"https:\/\/www.wzdluzdrogi.pl\/#breadcrumb\",\"itemListElement\":[{\"@type\":\"ListItem\",\"position\":1,\"name\":\"Strona g\u0142\u00f3wna\",\"item\":\"https:\/\/www.wzdluzdrogi.pl\/\"},{\"@type\":\"ListItem\",\"position\":2,\"name\":\"Strona g\u0142\u00f3wna\"}]},{\"@type\":\"WebSite\",\"@id\":\"https:\/\/www.wzdluzdrogi.pl\/#website\",\"url\":\"https:\/\/www.wzdluzdrogi.pl\/\",\"name\":\"Wzd\u0142u\u017c Drogi\",\"description\":\"Podr\u00f3\u017ce w rytmie slow\",\"potentialAction\":[{\"@type\":\"SearchAction\",\"target\":{\"@type\":\"EntryPoint\",\"urlTemplate\":\"https:\/\/www.wzdluzdrogi.pl\/?s={search_term_string}\"},\"query-input\":{\"@type\":\"PropertyValueSpecification\",\"valueRequired\":true,\"valueName\":\"search_term_string\"}}],\"inLanguage\":\"pl-PL\"}]}<\/script>\n<!-- \/ Yoast SEO plugin. -->","yoast_head_json":{"title":"Strona g\u0142\u00f3wna - Wzd\u0142u\u017c Drogi","description":"Wzd\u0142u\u017c Drogi. Najlepszy blog o Danii, o tanich podr\u00f3\u017cach, fotografii i j\u0119zykach obcych. Poka\u017cemy ci, co zobaczy\u0107 w Danii i ja robi\u0107 pi\u0119kne zdj\u0119cia.","robots":{"index":"index","follow":"follow","max-snippet":"max-snippet:-1","max-image-preview":"max-image-preview:large","max-video-preview":"max-video-preview:-1"},"canonical":"https:\/\/www.wzdluzdrogi.pl\/","og_locale":"pl_PL","og_type":"article","og_title":"Strona g\u0142\u00f3wna - Wzd\u0142u\u017c Drogi","og_description":"Wzd\u0142u\u017c Drogi. Najlepszy blog o Danii, o tanich podr\u00f3\u017cach, fotografii i j\u0119zykach obcych. Poka\u017cemy ci, co zobaczy\u0107 w Danii i ja robi\u0107 pi\u0119kne zdj\u0119cia.","og_url":"https:\/\/www.wzdluzdrogi.pl\/","og_site_name":"Wzd\u0142u\u017c Drogi","article_modified_time":"2021-03-02T16:29:14+00:00","twitter_card":"summary_large_image","schema":{"@context":"https:\/\/schema.org","@graph":[{"@type":"WebPage","@id":"https:\/\/www.wzdluzdrogi.pl\/","url":"https:\/\/www.wzdluzdrogi.pl\/","name":"Strona g\u0142\u00f3wna - Wzd\u0142u\u017c Drogi","isPartOf":{"@id":"https:\/\/www.wzdluzdrogi.pl\/#website"},"datePublished":"2021-02-03T13:13:41+00:00","dateModified":"2021-03-02T16:29:14+00:00","description":"Wzd\u0142u\u017c Drogi. Najlepszy blog o Danii, o tanich podr\u00f3\u017cach, fotografii i j\u0119zykach obcych. Poka\u017cemy ci, co zobaczy\u0107 w Danii i ja robi\u0107 pi\u0119kne zdj\u0119cia.","breadcrumb":{"@id":"https:\/\/www.wzdluzdrogi.pl\/#breadcrumb"},"inLanguage":"pl-PL","potentialAction":[{"@type":"ReadAction","target":["https:\/\/www.wzdluzdrogi.pl\/"]}]},{"@type":"BreadcrumbList","@id":"https:\/\/www.wzdluzdrogi.pl\/#breadcrumb","itemListElement":[{"@type":"ListItem","position":1,"name":"Strona g\u0142\u00f3wna","item":"https:\/\/www.wzdluzdrogi.pl\/"},{"@type":"ListItem","position":2,"name":"Strona g\u0142\u00f3wna"}]},{"@type":"WebSite","@id":"https:\/\/www.wzdluzdrogi.pl\/#website","url":"https:\/\/www.wzdluzdrogi.pl\/","name":"Wzd\u0142u\u017c Drogi","description":"Podr\u00f3\u017ce w rytmie slow","potentialAction":[{"@type":"SearchAction","target":{"@type":"EntryPoint","urlTemplate":"https:\/\/www.wzdluzdrogi.pl\/?s={search_term_string}"},"query-input":{"@type":"PropertyValueSpecification","valueRequired":true,"valueName":"search_term_string"}}],"inLanguage":"pl-PL"}]}},"_links":{"self":[{"href":"https:\/\/www.wzdluzdrogi.pl\/index.php\/wp-json\/wp\/v2\/pages\/2","targetHints":{"allow":["GET"]}}],"collection":[{"href":"https:\/\/www.wzdluzdrogi.pl\/index.php\/wp-json\/wp\/v2\/pages"}],"about":[{"href":"https:\/\/www.wzdluzdrogi.pl\/index.php\/wp-json\/wp\/v2\/types\/page"}],"author":[{"embeddable":true,"href":"https:\/\/www.wzdluzdrogi.pl\/index.php\/wp-json\/wp\/v2\/users\/1"}],"replies":[{"embeddable":true,"href":"https:\/\/www.wzdluzdrogi.pl\/index.php\/wp-json\/wp\/v2\/comments?post=2"}],"version-history":[{"count":1,"href":"https:\/\/www.wzdluzdrogi.pl\/index.php\/wp-json\/wp\/v2\/pages\/2\/revisions"}],"predecessor-version":[{"id":1076,"href":"https:\/\/www.wzdluzdrogi.pl\/index.php\/wp-json\/wp\/v2\/pages\/2\/revisions\/1076"}],"wp:attachment":[{"href":"https:\/\/www.wzdluzdrogi.pl\/index.php\/wp-json\/wp\/v2\/media?parent=2"}],"curies":[{"name":"wp","href":"https:\/\/api.w.org\/{rel}","templated":true}]}}