{"id":2694,"date":"2022-11-15T14:42:32","date_gmt":"2022-11-15T13:42:32","guid":{"rendered":"https:\/\/www.wzdluzdrogi.pl\/?page_id=2694"},"modified":"2023-05-10T13:10:56","modified_gmt":"2023-05-10T11:10:56","slug":"wspolpraca-blog-podrozniczy","status":"publish","type":"page","link":"https:\/\/www.wzdluzdrogi.pl\/index.php\/wspolpraca-blog-podrozniczy\/","title":{"rendered":"Wsp\u00f3\u0142praca"},"content":{"rendered":"\t\t<div data-elementor-type=\"wp-page\" data-elementor-id=\"2694\" class=\"elementor elementor-2694\">\n\t\t\t\t\t\t<section class=\"elementor-section elementor-top-section elementor-element elementor-element-8d22cc9 elementor-section-boxed elementor-section-height-default elementor-section-height-default\" data-id=\"8d22cc9\" data-element_type=\"section\" data-e-type=\"section\">\n\t\t\t\t\t\t<div class=\"elementor-container elementor-column-gap-default\">\n\t\t\t\t\t<div class=\"elementor-column elementor-col-100 elementor-top-column elementor-element elementor-element-cad2173\" data-id=\"cad2173\" data-element_type=\"column\" data-e-type=\"column\">\n\t\t\t<div class=\"elementor-widget-wrap elementor-element-populated\">\n\t\t\t\t\t\t<div class=\"elementor-element elementor-element-008c1d4 elementor-invisible elementor-widget elementor-widget-heading\" data-id=\"008c1d4\" data-element_type=\"widget\" data-e-type=\"widget\" data-settings=\"{&quot;_animation&quot;:&quot;fadeIn&quot;}\" data-widget_type=\"heading.default\">\n\t\t\t\t<div class=\"elementor-widget-container\">\n\t\t\t\t\t<h2 class=\"elementor-heading-title elementor-size-default\">Wsp\u00f3\u0142pracuj z nami!<\/h2>\t\t\t\t<\/div>\n\t\t\t\t<\/div>\n\t\t\t\t\t<\/div>\n\t\t<\/div>\n\t\t\t\t\t<\/div>\n\t\t<\/section>\n\t\t\t\t<section class=\"elementor-section elementor-top-section elementor-element elementor-element-c33fdbf elementor-section-boxed elementor-section-height-default elementor-section-height-default elementor-invisible\" data-id=\"c33fdbf\" data-element_type=\"section\" data-e-type=\"section\" data-settings=\"{&quot;shape_divider_bottom&quot;:&quot;mountains&quot;,&quot;animation&quot;:&quot;fadeIn&quot;}\">\n\t\t\t\t\t<div class=\"elementor-shape elementor-shape-bottom\" aria-hidden=\"true\" data-negative=\"false\">\n\t\t\t<svg xmlns=\"http:\/\/www.w3.org\/2000\/svg\" viewBox=\"0 0 1000 100\" preserveAspectRatio=\"none\">\n\t<path class=\"elementor-shape-fill\" opacity=\"0.33\" d=\"M473,67.3c-203.9,88.3-263.1-34-320.3,0C66,119.1,0,59.7,0,59.7V0h1000v59.7 c0,0-62.1,26.1-94.9,29.3c-32.8,3.3-62.8-12.3-75.8-22.1C806,49.6,745.3,8.7,694.9,4.7S492.4,59,473,67.3z\"\/>\n\t<path class=\"elementor-shape-fill\" opacity=\"0.66\" d=\"M734,67.3c-45.5,0-77.2-23.2-129.1-39.1c-28.6-8.7-150.3-10.1-254,39.1 s-91.7-34.4-149.2,0C115.7,118.3,0,39.8,0,39.8V0h1000v36.5c0,0-28.2-18.5-92.1-18.5C810.2,18.1,775.7,67.3,734,67.3z\"\/>\n\t<path class=\"elementor-shape-fill\" d=\"M766.1,28.9c-200-57.5-266,65.5-395.1,19.5C242,1.8,242,5.4,184.8,20.6C128,35.8,132.3,44.9,89.9,52.5C28.6,63.7,0,0,0,0 h1000c0,0-9.9,40.9-83.6,48.1S829.6,47,766.1,28.9z\"\/>\n<\/svg>\t\t<\/div>\n\t\t\t\t\t<div class=\"elementor-container elementor-column-gap-default\">\n\t\t\t\t\t<div class=\"elementor-column elementor-col-100 elementor-top-column elementor-element elementor-element-b7bd364\" data-id=\"b7bd364\" data-element_type=\"column\" data-e-type=\"column\">\n\t\t\t<div class=\"elementor-widget-wrap elementor-element-populated\">\n\t\t\t\t\t\t<div class=\"elementor-element elementor-element-aad1119 elementor-widget elementor-widget-text-editor\" data-id=\"aad1119\" data-element_type=\"widget\" data-e-type=\"widget\" data-widget_type=\"text-editor.default\">\n\t\t\t\t<div class=\"elementor-widget-container\">\n\t\t\t\t\t\t\t\t\t<p>Cze\u015b\u0107!<\/p>\n<p>Jeste\u015bmy Klaudia i Kamil, m\u0142oda para, kt\u00f3ra wsp\u00f3lnie odkrywa cuda tego \u015bwiata. Blog podr\u00f3\u017cniczy o Danii zacz\u0119li\u015bmy prowadzi\u0107 ju\u017c kilka lat temu. Najpierw by\u0142 on tylko miejscem, w kt\u00f3rym dzielili\u015bmy si\u0119 opowie\u015bciami z \u017cycia za granic\u0105, p\u00f3\u017aniej ewoluowa\u0142 do strony, kt\u00f3r\u0105 odwiedza miesi\u0119cznie wielu turyst\u00f3w chc\u0105cych odkry\u0107 pi\u0119kno Danii oraz Cypru, a tak\u017ce pozna\u0107 przepis na tanie podr\u00f3\u017cowanie po Europie.<\/p>\n<p>Tu na &#8222;Wzd\u0142u\u017c Drogi&#8221; dzielimy si\u0119 praktycznymi wskaz\u00f3wkami dotycz\u0105cymi zamieszkania w Danii oraz podr\u00f3\u017cowaniu po kraju Lego. Pasjonujemy si\u0119 podr\u00f3\u017cami, szczeg\u00f3lnie tymi tanimi, dlatego pokazujemy, jak tanio zwiedzi\u0107 Europ\u0119, nie rezygnuj\u0105c z wygody i komfortu. Poza tym, na co dzie\u0144 zajmujemy si\u0119 fotografi\u0105 produktow\u0105 i rodzinn\u0105.&nbsp;<\/p>\n<p><\/p>\t\t\t\t\t\t\t\t<\/div>\n\t\t\t\t<\/div>\n\t\t\t\t\t<\/div>\n\t\t<\/div>\n\t\t\t\t\t<\/div>\n\t\t<\/section>\n\t\t\t\t<section class=\"elementor-section elementor-top-section elementor-element elementor-element-573e47b elementor-section-boxed elementor-section-height-default elementor-section-height-default\" data-id=\"573e47b\" data-element_type=\"section\" data-e-type=\"section\">\n\t\t\t\t\t\t<div class=\"elementor-container elementor-column-gap-default\">\n\t\t\t\t\t<div class=\"elementor-column elementor-col-100 elementor-top-column elementor-element elementor-element-e09acf5\" data-id=\"e09acf5\" data-element_type=\"column\" data-e-type=\"column\">\n\t\t\t<div class=\"elementor-widget-wrap elementor-element-populated\">\n\t\t\t\t\t\t<div class=\"elementor-element elementor-element-5a4a714 elementor-invisible elementor-widget elementor-widget-image\" data-id=\"5a4a714\" data-element_type=\"widget\" data-e-type=\"widget\" data-settings=\"{&quot;_animation&quot;:&quot;fadeIn&quot;}\" data-widget_type=\"image.default\">\n\t\t\t\t<div class=\"elementor-widget-container\">\n\t\t\t\t\t\t\t\t\t\t\t\t\t\t\t<img fetchpriority=\"high\" decoding=\"async\" width=\"724\" height=\"1024\" src=\"https:\/\/www.wzdluzdrogi.pl\/wp-content\/uploads\/2023\/05\/wzdluz-drogi-724x1024.jpg\" class=\"attachment-large size-large wp-image-3041\" alt=\"wzdluz drogi statystyki maj 2023\" srcset=\"https:\/\/www.wzdluzdrogi.pl\/wp-content\/uploads\/2023\/05\/wzdluz-drogi-724x1024.jpg 724w, https:\/\/www.wzdluzdrogi.pl\/wp-content\/uploads\/2023\/05\/wzdluz-drogi-212x300.jpg 212w, https:\/\/www.wzdluzdrogi.pl\/wp-content\/uploads\/2023\/05\/wzdluz-drogi-768x1086.jpg 768w, https:\/\/www.wzdluzdrogi.pl\/wp-content\/uploads\/2023\/05\/wzdluz-drogi-1086x1536.jpg 1086w, https:\/\/www.wzdluzdrogi.pl\/wp-content\/uploads\/2023\/05\/wzdluz-drogi-42x60.jpg 42w, https:\/\/www.wzdluzdrogi.pl\/wp-content\/uploads\/2023\/05\/wzdluz-drogi.jpg 1131w\" sizes=\"(max-width: 724px) 100vw, 724px\" \/>\t\t\t\t\t\t\t\t\t\t\t\t\t\t\t<\/div>\n\t\t\t\t<\/div>\n\t\t\t\t\t<\/div>\n\t\t<\/div>\n\t\t\t\t\t<\/div>\n\t\t<\/section>\n\t\t\t\t<section class=\"elementor-section elementor-top-section elementor-element elementor-element-965121c elementor-section-boxed elementor-section-height-default elementor-section-height-default\" data-id=\"965121c\" data-element_type=\"section\" data-e-type=\"section\">\n\t\t\t\t\t\t<div class=\"elementor-container elementor-column-gap-default\">\n\t\t\t\t\t<div class=\"elementor-column elementor-col-100 elementor-top-column elementor-element elementor-element-66fac2b\" data-id=\"66fac2b\" data-element_type=\"column\" data-e-type=\"column\">\n\t\t\t<div class=\"elementor-widget-wrap elementor-element-populated\">\n\t\t\t\t\t\t<div class=\"elementor-element elementor-element-d37f128 elementor-widget elementor-widget-heading\" data-id=\"d37f128\" data-element_type=\"widget\" data-e-type=\"widget\" data-widget_type=\"heading.default\">\n\t\t\t\t<div class=\"elementor-widget-container\">\n\t\t\t\t\t<h2 class=\"elementor-heading-title elementor-size-default\">Kto nam zaufa\u0142?<\/h2>\t\t\t\t<\/div>\n\t\t\t\t<\/div>\n\t\t\t\t\t<\/div>\n\t\t<\/div>\n\t\t\t\t\t<\/div>\n\t\t<\/section>\n\t\t\t\t<section class=\"elementor-section elementor-top-section elementor-element elementor-element-512f7d1 elementor-section-boxed elementor-section-height-default elementor-section-height-default elementor-invisible\" data-id=\"512f7d1\" data-element_type=\"section\" data-e-type=\"section\" data-settings=\"{&quot;shape_divider_bottom&quot;:&quot;mountains&quot;,&quot;animation&quot;:&quot;fadeIn&quot;}\">\n\t\t\t\t\t<div class=\"elementor-shape elementor-shape-bottom\" aria-hidden=\"true\" data-negative=\"false\">\n\t\t\t<svg xmlns=\"http:\/\/www.w3.org\/2000\/svg\" viewBox=\"0 0 1000 100\" preserveAspectRatio=\"none\">\n\t<path class=\"elementor-shape-fill\" opacity=\"0.33\" d=\"M473,67.3c-203.9,88.3-263.1-34-320.3,0C66,119.1,0,59.7,0,59.7V0h1000v59.7 c0,0-62.1,26.1-94.9,29.3c-32.8,3.3-62.8-12.3-75.8-22.1C806,49.6,745.3,8.7,694.9,4.7S492.4,59,473,67.3z\"\/>\n\t<path class=\"elementor-shape-fill\" opacity=\"0.66\" d=\"M734,67.3c-45.5,0-77.2-23.2-129.1-39.1c-28.6-8.7-150.3-10.1-254,39.1 s-91.7-34.4-149.2,0C115.7,118.3,0,39.8,0,39.8V0h1000v36.5c0,0-28.2-18.5-92.1-18.5C810.2,18.1,775.7,67.3,734,67.3z\"\/>\n\t<path class=\"elementor-shape-fill\" d=\"M766.1,28.9c-200-57.5-266,65.5-395.1,19.5C242,1.8,242,5.4,184.8,20.6C128,35.8,132.3,44.9,89.9,52.5C28.6,63.7,0,0,0,0 h1000c0,0-9.9,40.9-83.6,48.1S829.6,47,766.1,28.9z\"\/>\n<\/svg>\t\t<\/div>\n\t\t\t\t\t<div class=\"elementor-container elementor-column-gap-default\">\n\t\t\t\t\t<div class=\"elementor-column elementor-col-25 elementor-top-column elementor-element elementor-element-fff4f80\" data-id=\"fff4f80\" data-element_type=\"column\" data-e-type=\"column\">\n\t\t\t<div class=\"elementor-widget-wrap elementor-element-populated\">\n\t\t\t\t\t\t<div class=\"elementor-element elementor-element-50ab0cd elementor-widget elementor-widget-heading\" data-id=\"50ab0cd\" data-element_type=\"widget\" data-e-type=\"widget\" data-widget_type=\"heading.default\">\n\t\t\t\t<div class=\"elementor-widget-container\">\n\t\t\t\t\t<h2 class=\"elementor-heading-title elementor-size-default\">Czw\u00f3rka Polskie Radio<\/h2>\t\t\t\t<\/div>\n\t\t\t\t<\/div>\n\t\t\t\t<div class=\"elementor-element elementor-element-eaf1432 elementor-widget elementor-widget-text-editor\" data-id=\"eaf1432\" data-element_type=\"widget\" data-e-type=\"widget\" data-widget_type=\"text-editor.default\">\n\t\t\t\t<div class=\"elementor-widget-container\">\n\t\t\t\t\t\t\t\t\t<p>Kr\u00f3tki wywiad na temat ekologii w Danii.<\/p><p><a href=\"http:\/\/www.polskieradio.pl\/10\/5566\/Artykul\/3048500,Kopenhaga-nie-spelni-ekologicznych-obietnic-Nie-zdazy-ale-i-tak-jest-dobrze\">Kliknij<\/a>, aby pos\u0142ucha\u0107<\/p>\t\t\t\t\t\t\t\t<\/div>\n\t\t\t\t<\/div>\n\t\t\t\t\t<\/div>\n\t\t<\/div>\n\t\t\t\t<div class=\"elementor-column elementor-col-25 elementor-top-column elementor-element elementor-element-fa2afaf\" data-id=\"fa2afaf\" data-element_type=\"column\" data-e-type=\"column\">\n\t\t\t<div class=\"elementor-widget-wrap elementor-element-populated\">\n\t\t\t\t\t\t<div class=\"elementor-element elementor-element-d916a01 elementor-widget elementor-widget-heading\" data-id=\"d916a01\" data-element_type=\"widget\" data-e-type=\"widget\" data-widget_type=\"heading.default\">\n\t\t\t\t<div class=\"elementor-widget-container\">\n\t\t\t\t\t<h2 class=\"elementor-heading-title elementor-size-default\">Radio Wroc\u0142aw<\/h2>\t\t\t\t<\/div>\n\t\t\t\t<\/div>\n\t\t\t\t<div class=\"elementor-element elementor-element-2728977 elementor-widget elementor-widget-text-editor\" data-id=\"2728977\" data-element_type=\"widget\" data-e-type=\"widget\" data-widget_type=\"text-editor.default\">\n\t\t\t\t<div class=\"elementor-widget-container\">\n\t\t\t\t\t\t\t\t\t<p>Seria kr\u00f3tkich wywiad\u00f3w zwi\u0105zana z podr\u00f3\u017cami.\u00a0<\/p><p><a href=\"https:\/\/www.radiowroclaw.pl\/articles\/view\/120524\/Na-wakacje-do-Danii-Czemu-nie\">Kliknij<\/a>, aby pos\u0142ucha\u0107<\/p>\t\t\t\t\t\t\t\t<\/div>\n\t\t\t\t<\/div>\n\t\t\t\t\t<\/div>\n\t\t<\/div>\n\t\t\t\t<div class=\"elementor-column elementor-col-25 elementor-top-column elementor-element elementor-element-d4d2b07\" data-id=\"d4d2b07\" data-element_type=\"column\" data-e-type=\"column\">\n\t\t\t<div class=\"elementor-widget-wrap elementor-element-populated\">\n\t\t\t\t\t\t<div class=\"elementor-element elementor-element-343683d elementor-widget elementor-widget-heading\" data-id=\"343683d\" data-element_type=\"widget\" data-e-type=\"widget\" data-widget_type=\"heading.default\">\n\t\t\t\t<div class=\"elementor-widget-container\">\n\t\t\t\t\t<h2 class=\"elementor-heading-title elementor-size-default\">Wydawnictwo PASCAL<\/h2>\t\t\t\t<\/div>\n\t\t\t\t<\/div>\n\t\t\t\t<div class=\"elementor-element elementor-element-727eaf4 elementor-widget elementor-widget-text-editor\" data-id=\"727eaf4\" data-element_type=\"widget\" data-e-type=\"widget\" data-widget_type=\"text-editor.default\">\n\t\t\t\t<div class=\"elementor-widget-container\">\n\t\t\t\t\t\t\t\t\t<p>Wsp\u00f3\u0142tworzenie przewodnik\u00f3w o Danii, Grenlandii i Wyspach Owczych.&nbsp;<\/p>\t\t\t\t\t\t\t\t<\/div>\n\t\t\t\t<\/div>\n\t\t\t\t\t<\/div>\n\t\t<\/div>\n\t\t\t\t<div class=\"elementor-column elementor-col-25 elementor-top-column elementor-element elementor-element-7abb2c9\" data-id=\"7abb2c9\" data-element_type=\"column\" data-e-type=\"column\">\n\t\t\t<div class=\"elementor-widget-wrap elementor-element-populated\">\n\t\t\t\t\t\t\t<\/div>\n\t\t<\/div>\n\t\t\t\t\t<\/div>\n\t\t<\/section>\n\t\t\t\t<section class=\"elementor-section elementor-top-section elementor-element elementor-element-29c5513 elementor-section-boxed elementor-section-height-default elementor-section-height-default\" data-id=\"29c5513\" data-element_type=\"section\" data-e-type=\"section\">\n\t\t\t\t\t\t<div class=\"elementor-container elementor-column-gap-default\">\n\t\t\t\t\t<div class=\"elementor-column elementor-col-100 elementor-top-column elementor-element elementor-element-8363ab2\" data-id=\"8363ab2\" data-element_type=\"column\" data-e-type=\"column\">\n\t\t\t<div class=\"elementor-widget-wrap elementor-element-populated\">\n\t\t\t\t\t\t<div class=\"elementor-element elementor-element-b874ebe elementor-invisible elementor-widget elementor-widget-image\" data-id=\"b874ebe\" data-element_type=\"widget\" data-e-type=\"widget\" data-settings=\"{&quot;_animation&quot;:&quot;fadeIn&quot;}\" data-widget_type=\"image.default\">\n\t\t\t\t<div class=\"elementor-widget-container\">\n\t\t\t\t\t\t\t\t\t\t\t\t\t\t\t<img decoding=\"async\" width=\"724\" height=\"1024\" data-src=\"https:\/\/www.wzdluzdrogi.pl\/wp-content\/uploads\/2022\/11\/2-724x1024.png\" class=\"attachment-large size-large wp-image-2676 lazyload\" alt=\"mikroblog podr\u00f3zniczy\" data-srcset=\"https:\/\/www.wzdluzdrogi.pl\/wp-content\/uploads\/2022\/11\/2-724x1024.png 724w, https:\/\/www.wzdluzdrogi.pl\/wp-content\/uploads\/2022\/11\/2-212x300.png 212w, https:\/\/www.wzdluzdrogi.pl\/wp-content\/uploads\/2022\/11\/2-768x1086.png 768w, https:\/\/www.wzdluzdrogi.pl\/wp-content\/uploads\/2022\/11\/2-1086x1536.png 1086w, https:\/\/www.wzdluzdrogi.pl\/wp-content\/uploads\/2022\/11\/2-42x60.png 42w, https:\/\/www.wzdluzdrogi.pl\/wp-content\/uploads\/2022\/11\/2.png 1131w\" data-sizes=\"(max-width: 724px) 100vw, 724px\" src=\"data:image\/svg+xml;base64,PHN2ZyB3aWR0aD0iMSIgaGVpZ2h0PSIxIiB4bWxucz0iaHR0cDovL3d3dy53My5vcmcvMjAwMC9zdmciPjwvc3ZnPg==\" style=\"--smush-placeholder-width: 724px; --smush-placeholder-aspect-ratio: 724\/1024;\" \/>\t\t\t\t\t\t\t\t\t\t\t\t\t\t\t<\/div>\n\t\t\t\t<\/div>\n\t\t\t\t\t<\/div>\n\t\t<\/div>\n\t\t\t\t\t<\/div>\n\t\t<\/section>\n\t\t\t\t<section class=\"elementor-section elementor-top-section elementor-element elementor-element-2b16852 elementor-section-boxed elementor-section-height-default elementor-section-height-default\" data-id=\"2b16852\" data-element_type=\"section\" data-e-type=\"section\">\n\t\t\t\t\t\t<div class=\"elementor-container elementor-column-gap-default\">\n\t\t\t\t\t<div class=\"elementor-column elementor-col-100 elementor-top-column elementor-element elementor-element-309ef64\" data-id=\"309ef64\" data-element_type=\"column\" data-e-type=\"column\">\n\t\t\t<div class=\"elementor-widget-wrap elementor-element-populated\">\n\t\t\t\t\t\t<div class=\"elementor-element elementor-element-5414160 elementor-widget elementor-widget-text-editor\" data-id=\"5414160\" data-element_type=\"widget\" data-e-type=\"widget\" data-widget_type=\"text-editor.default\">\n\t\t\t\t<div class=\"elementor-widget-container\">\n\t\t\t\t\t\t\t\t\t<p>Je\u017celi jeste\u015b zainteresowany zapraszamy do kontaktu. Jeste\u015bmy r\u00f3wnie\u017c ch\u0119tni na inne formy wsp\u00f3\u0142pracy, odezwij si\u0119 na naszego maila wzdluzdrogi@gmail.com, wsp\u00f3lnie zaplanujemy co\u015b, co przyniesie obop\u00f3lne korzy\u015bci. \ud83d\ude42\u00a0<\/p>\t\t\t\t\t\t\t\t<\/div>\n\t\t\t\t<\/div>\n\t\t\t\t\t<\/div>\n\t\t<\/div>\n\t\t\t\t\t<\/div>\n\t\t<\/section>\n\t\t\t\t<\/div>\n\t\t","protected":false},"excerpt":{"rendered":"<p>Wsp\u00f3\u0142pracuj z nami! Cze\u015b\u0107! Jeste\u015bmy Klaudia i Kamil, m\u0142oda para, kt\u00f3ra wsp\u00f3lnie odkrywa cuda tego \u015bwiata. Blog podr\u00f3\u017cniczy o Danii zacz\u0119li\u015bmy prowadzi\u0107 ju\u017c kilka lat temu. Najpierw by\u0142 on tylko miejscem, w kt\u00f3rym dzielili\u015bmy si\u0119 opowie\u015bciami z \u017cycia za granic\u0105, p\u00f3\u017aniej ewoluowa\u0142 do strony, kt\u00f3r\u0105 odwiedza miesi\u0119cznie wielu turyst\u00f3w chc\u0105cych odkry\u0107 pi\u0119kno Danii oraz Cypru, &hellip; <\/p>\n","protected":false},"author":1,"featured_media":2635,"parent":0,"menu_order":0,"comment_status":"closed","ping_status":"closed","template":"","meta":{"_monsterinsights_skip_tracking":false,"_monsterinsights_sitenote_active":false,"_monsterinsights_sitenote_note":"","_monsterinsights_sitenote_category":0,"footnotes":""},"class_list":["post-2694","page","type-page","status-publish","has-post-thumbnail","hentry"],"yoast_head":"<!-- This site is optimized with the Yoast SEO plugin v26.5 - https:\/\/yoast.com\/wordpress\/plugins\/seo\/ -->\n<title>Wsp\u00f3\u0142praca - Wzd\u0142u\u017c Drogi<\/title>\n<meta name=\"description\" content=\"Wsp\u00f3\u0142pracuj z nami! Blog podr\u00f3\u017cniczy o Danii prowadzimy ju\u017c od kilku lat. Opowiadamy te\u017c, jak tanio podr\u00f3\u017cowa\u0107 po Europie.\" \/>\n<meta name=\"robots\" content=\"index, follow, max-snippet:-1, max-image-preview:large, max-video-preview:-1\" \/>\n<link rel=\"canonical\" href=\"https:\/\/www.wzdluzdrogi.pl\/index.php\/wspolpraca-blog-podrozniczy\/\" \/>\n<meta property=\"og:locale\" content=\"pl_PL\" \/>\n<meta property=\"og:type\" content=\"article\" \/>\n<meta property=\"og:title\" content=\"Wsp\u00f3\u0142praca - Wzd\u0142u\u017c Drogi\" \/>\n<meta property=\"og:description\" content=\"Wsp\u00f3\u0142pracuj z nami! Blog podr\u00f3\u017cniczy o Danii prowadzimy ju\u017c od kilku lat. Opowiadamy te\u017c, jak tanio podr\u00f3\u017cowa\u0107 po Europie.\" \/>\n<meta property=\"og:url\" content=\"https:\/\/www.wzdluzdrogi.pl\/index.php\/wspolpraca-blog-podrozniczy\/\" \/>\n<meta property=\"og:site_name\" content=\"Wzd\u0142u\u017c Drogi\" \/>\n<meta property=\"article:modified_time\" content=\"2023-05-10T11:10:56+00:00\" \/>\n<meta property=\"og:image\" content=\"https:\/\/www.wzdluzdrogi.pl\/wp-content\/uploads\/2022\/10\/MG_2313.jpg\" \/>\n\t<meta property=\"og:image:width\" content=\"1456\" \/>\n\t<meta property=\"og:image:height\" content=\"971\" \/>\n\t<meta property=\"og:image:type\" content=\"image\/jpeg\" \/>\n<meta name=\"twitter:card\" content=\"summary_large_image\" \/>\n<meta name=\"twitter:label1\" content=\"Szacowany czas czytania\" \/>\n\t<meta name=\"twitter:data1\" content=\"2 minuty\" \/>\n<script type=\"application\/ld+json\" class=\"yoast-schema-graph\">{\"@context\":\"https:\/\/schema.org\",\"@graph\":[{\"@type\":\"WebPage\",\"@id\":\"https:\/\/www.wzdluzdrogi.pl\/index.php\/wspolpraca-blog-podrozniczy\/\",\"url\":\"https:\/\/www.wzdluzdrogi.pl\/index.php\/wspolpraca-blog-podrozniczy\/\",\"name\":\"Wsp\u00f3\u0142praca - Wzd\u0142u\u017c Drogi\",\"isPartOf\":{\"@id\":\"https:\/\/www.wzdluzdrogi.pl\/#website\"},\"primaryImageOfPage\":{\"@id\":\"https:\/\/www.wzdluzdrogi.pl\/index.php\/wspolpraca-blog-podrozniczy\/#primaryimage\"},\"image\":{\"@id\":\"https:\/\/www.wzdluzdrogi.pl\/index.php\/wspolpraca-blog-podrozniczy\/#primaryimage\"},\"thumbnailUrl\":\"https:\/\/www.wzdluzdrogi.pl\/wp-content\/uploads\/2022\/10\/MG_2313.jpg\",\"datePublished\":\"2022-11-15T13:42:32+00:00\",\"dateModified\":\"2023-05-10T11:10:56+00:00\",\"description\":\"Wsp\u00f3\u0142pracuj z nami! Blog podr\u00f3\u017cniczy o Danii prowadzimy ju\u017c od kilku lat. Opowiadamy te\u017c, jak tanio podr\u00f3\u017cowa\u0107 po Europie.\",\"breadcrumb\":{\"@id\":\"https:\/\/www.wzdluzdrogi.pl\/index.php\/wspolpraca-blog-podrozniczy\/#breadcrumb\"},\"inLanguage\":\"pl-PL\",\"potentialAction\":[{\"@type\":\"ReadAction\",\"target\":[\"https:\/\/www.wzdluzdrogi.pl\/index.php\/wspolpraca-blog-podrozniczy\/\"]}]},{\"@type\":\"ImageObject\",\"inLanguage\":\"pl-PL\",\"@id\":\"https:\/\/www.wzdluzdrogi.pl\/index.php\/wspolpraca-blog-podrozniczy\/#primaryimage\",\"url\":\"https:\/\/www.wzdluzdrogi.pl\/wp-content\/uploads\/2022\/10\/MG_2313.jpg\",\"contentUrl\":\"https:\/\/www.wzdluzdrogi.pl\/wp-content\/uploads\/2022\/10\/MG_2313.jpg\",\"width\":1456,\"height\":971,\"caption\":\"co zobaczy\u0107 na malcie, jak zorganizowa\u0107 tani wyjazd na malt\u0119\"},{\"@type\":\"BreadcrumbList\",\"@id\":\"https:\/\/www.wzdluzdrogi.pl\/index.php\/wspolpraca-blog-podrozniczy\/#breadcrumb\",\"itemListElement\":[{\"@type\":\"ListItem\",\"position\":1,\"name\":\"Strona g\u0142\u00f3wna\",\"item\":\"https:\/\/www.wzdluzdrogi.pl\/\"},{\"@type\":\"ListItem\",\"position\":2,\"name\":\"Wsp\u00f3\u0142praca\"}]},{\"@type\":\"WebSite\",\"@id\":\"https:\/\/www.wzdluzdrogi.pl\/#website\",\"url\":\"https:\/\/www.wzdluzdrogi.pl\/\",\"name\":\"Wzd\u0142u\u017c Drogi\",\"description\":\"Podr\u00f3\u017ce w rytmie slow\",\"potentialAction\":[{\"@type\":\"SearchAction\",\"target\":{\"@type\":\"EntryPoint\",\"urlTemplate\":\"https:\/\/www.wzdluzdrogi.pl\/?s={search_term_string}\"},\"query-input\":{\"@type\":\"PropertyValueSpecification\",\"valueRequired\":true,\"valueName\":\"search_term_string\"}}],\"inLanguage\":\"pl-PL\"}]}<\/script>\n<!-- \/ Yoast SEO plugin. -->","yoast_head_json":{"title":"Wsp\u00f3\u0142praca - Wzd\u0142u\u017c Drogi","description":"Wsp\u00f3\u0142pracuj z nami! Blog podr\u00f3\u017cniczy o Danii prowadzimy ju\u017c od kilku lat. Opowiadamy te\u017c, jak tanio podr\u00f3\u017cowa\u0107 po Europie.","robots":{"index":"index","follow":"follow","max-snippet":"max-snippet:-1","max-image-preview":"max-image-preview:large","max-video-preview":"max-video-preview:-1"},"canonical":"https:\/\/www.wzdluzdrogi.pl\/index.php\/wspolpraca-blog-podrozniczy\/","og_locale":"pl_PL","og_type":"article","og_title":"Wsp\u00f3\u0142praca - Wzd\u0142u\u017c Drogi","og_description":"Wsp\u00f3\u0142pracuj z nami! Blog podr\u00f3\u017cniczy o Danii prowadzimy ju\u017c od kilku lat. Opowiadamy te\u017c, jak tanio podr\u00f3\u017cowa\u0107 po Europie.","og_url":"https:\/\/www.wzdluzdrogi.pl\/index.php\/wspolpraca-blog-podrozniczy\/","og_site_name":"Wzd\u0142u\u017c Drogi","article_modified_time":"2023-05-10T11:10:56+00:00","og_image":[{"width":1456,"height":971,"url":"https:\/\/www.wzdluzdrogi.pl\/wp-content\/uploads\/2022\/10\/MG_2313.jpg","type":"image\/jpeg"}],"twitter_card":"summary_large_image","twitter_misc":{"Szacowany czas czytania":"2 minuty"},"schema":{"@context":"https:\/\/schema.org","@graph":[{"@type":"WebPage","@id":"https:\/\/www.wzdluzdrogi.pl\/index.php\/wspolpraca-blog-podrozniczy\/","url":"https:\/\/www.wzdluzdrogi.pl\/index.php\/wspolpraca-blog-podrozniczy\/","name":"Wsp\u00f3\u0142praca - Wzd\u0142u\u017c Drogi","isPartOf":{"@id":"https:\/\/www.wzdluzdrogi.pl\/#website"},"primaryImageOfPage":{"@id":"https:\/\/www.wzdluzdrogi.pl\/index.php\/wspolpraca-blog-podrozniczy\/#primaryimage"},"image":{"@id":"https:\/\/www.wzdluzdrogi.pl\/index.php\/wspolpraca-blog-podrozniczy\/#primaryimage"},"thumbnailUrl":"https:\/\/www.wzdluzdrogi.pl\/wp-content\/uploads\/2022\/10\/MG_2313.jpg","datePublished":"2022-11-15T13:42:32+00:00","dateModified":"2023-05-10T11:10:56+00:00","description":"Wsp\u00f3\u0142pracuj z nami! Blog podr\u00f3\u017cniczy o Danii prowadzimy ju\u017c od kilku lat. Opowiadamy te\u017c, jak tanio podr\u00f3\u017cowa\u0107 po Europie.","breadcrumb":{"@id":"https:\/\/www.wzdluzdrogi.pl\/index.php\/wspolpraca-blog-podrozniczy\/#breadcrumb"},"inLanguage":"pl-PL","potentialAction":[{"@type":"ReadAction","target":["https:\/\/www.wzdluzdrogi.pl\/index.php\/wspolpraca-blog-podrozniczy\/"]}]},{"@type":"ImageObject","inLanguage":"pl-PL","@id":"https:\/\/www.wzdluzdrogi.pl\/index.php\/wspolpraca-blog-podrozniczy\/#primaryimage","url":"https:\/\/www.wzdluzdrogi.pl\/wp-content\/uploads\/2022\/10\/MG_2313.jpg","contentUrl":"https:\/\/www.wzdluzdrogi.pl\/wp-content\/uploads\/2022\/10\/MG_2313.jpg","width":1456,"height":971,"caption":"co zobaczy\u0107 na malcie, jak zorganizowa\u0107 tani wyjazd na malt\u0119"},{"@type":"BreadcrumbList","@id":"https:\/\/www.wzdluzdrogi.pl\/index.php\/wspolpraca-blog-podrozniczy\/#breadcrumb","itemListElement":[{"@type":"ListItem","position":1,"name":"Strona g\u0142\u00f3wna","item":"https:\/\/www.wzdluzdrogi.pl\/"},{"@type":"ListItem","position":2,"name":"Wsp\u00f3\u0142praca"}]},{"@type":"WebSite","@id":"https:\/\/www.wzdluzdrogi.pl\/#website","url":"https:\/\/www.wzdluzdrogi.pl\/","name":"Wzd\u0142u\u017c Drogi","description":"Podr\u00f3\u017ce w rytmie slow","potentialAction":[{"@type":"SearchAction","target":{"@type":"EntryPoint","urlTemplate":"https:\/\/www.wzdluzdrogi.pl\/?s={search_term_string}"},"query-input":{"@type":"PropertyValueSpecification","valueRequired":true,"valueName":"search_term_string"}}],"inLanguage":"pl-PL"}]}},"_links":{"self":[{"href":"https:\/\/www.wzdluzdrogi.pl\/index.php\/wp-json\/wp\/v2\/pages\/2694","targetHints":{"allow":["GET"]}}],"collection":[{"href":"https:\/\/www.wzdluzdrogi.pl\/index.php\/wp-json\/wp\/v2\/pages"}],"about":[{"href":"https:\/\/www.wzdluzdrogi.pl\/index.php\/wp-json\/wp\/v2\/types\/page"}],"author":[{"embeddable":true,"href":"https:\/\/www.wzdluzdrogi.pl\/index.php\/wp-json\/wp\/v2\/users\/1"}],"replies":[{"embeddable":true,"href":"https:\/\/www.wzdluzdrogi.pl\/index.php\/wp-json\/wp\/v2\/comments?post=2694"}],"version-history":[{"count":21,"href":"https:\/\/www.wzdluzdrogi.pl\/index.php\/wp-json\/wp\/v2\/pages\/2694\/revisions"}],"predecessor-version":[{"id":3044,"href":"https:\/\/www.wzdluzdrogi.pl\/index.php\/wp-json\/wp\/v2\/pages\/2694\/revisions\/3044"}],"wp:featuredmedia":[{"embeddable":true,"href":"https:\/\/www.wzdluzdrogi.pl\/index.php\/wp-json\/wp\/v2\/media\/2635"}],"wp:attachment":[{"href":"https:\/\/www.wzdluzdrogi.pl\/index.php\/wp-json\/wp\/v2\/media?parent=2694"}],"curies":[{"name":"wp","href":"https:\/\/api.w.org\/{rel}","templated":true}]}}